{"id":54,"date":"2024-10-08T16:47:35","date_gmt":"2024-10-08T14:47:35","guid":{"rendered":"https:\/\/carlata.org\/?page_id=54"},"modified":"2024-10-29T18:04:02","modified_gmt":"2024-10-29T17:04:02","slug":"a-propos","status":"publish","type":"page","link":"https:\/\/carlata.org\/index.php\/a-propos\/","title":{"rendered":"A propos"},"content":{"rendered":"\t\t<div data-elementor-type=\"wp-page\" data-elementor-id=\"54\" class=\"elementor elementor-54\">\n\t\t\t\t\t\t<section class=\"elementor-section elementor-top-section elementor-element elementor-element-7a39d65d elementor-section-boxed elementor-section-height-default elementor-section-height-default\" data-id=\"7a39d65d\" data-element_type=\"section\" data-settings=\"{&quot;background_background&quot;:&quot;classic&quot;}\">\n\t\t\t\t\t\t\t<div class=\"elementor-background-overlay\"><\/div>\n\t\t\t\t\t\t\t<div class=\"elementor-container elementor-column-gap-default\">\n\t\t\t\t\t<div class=\"elementor-column elementor-col-100 elementor-top-column elementor-element elementor-element-6f3b4d60\" data-id=\"6f3b4d60\" data-element_type=\"column\">\n\t\t\t<div class=\"elementor-widget-wrap elementor-element-populated\">\n\t\t\t\t\t\t<div class=\"elementor-element elementor-element-4b77ffe2 elementor-invisible elementor-widget elementor-widget-heading\" data-id=\"4b77ffe2\" data-element_type=\"widget\" data-settings=\"{&quot;_animation&quot;:&quot;fadeInDown&quot;,&quot;_animation_delay&quot;:300}\" data-widget_type=\"heading.default\">\n\t\t\t\t<div class=\"elementor-widget-container\">\n\t\t\t<h1 class=\"elementor-heading-title elementor-size-default\">A propos<\/h1>\t\t<\/div>\n\t\t\t\t<\/div>\n\t\t\t\t<div class=\"elementor-element elementor-element-214b48dc elementor-shape-rounded elementor-grid-0 e-grid-align-center elementor-widget elementor-widget-social-icons\" data-id=\"214b48dc\" data-element_type=\"widget\" data-widget_type=\"social-icons.default\">\n\t\t\t\t<div class=\"elementor-widget-container\">\n\t\t\t\t\t<div class=\"elementor-social-icons-wrapper elementor-grid\">\n\t\t\t\t\t\t\t<span class=\"elementor-grid-item\">\n\t\t\t\t\t<a class=\"elementor-icon elementor-social-icon elementor-social-icon-x-twitter elementor-animation-float elementor-repeater-item-2828de2\" target=\"_blank\">\n\t\t\t\t\t\t<span class=\"elementor-screen-only\">X-twitter<\/span>\n\t\t\t\t\t\t<svg class=\"e-font-icon-svg e-fab-x-twitter\" viewBox=\"0 0 512 512\" xmlns=\"http:\/\/www.w3.org\/2000\/svg\"><path d=\"M389.2 48h70.6L305.6 224.2 487 464H345L233.7 318.6 106.5 464H35.8L200.7 275.5 26.8 48H172.4L272.9 180.9 389.2 48zM364.4 421.8h39.1L151.1 88h-42L364.4 421.8z\"><\/path><\/svg>\t\t\t\t\t<\/a>\n\t\t\t\t<\/span>\n\t\t\t\t\t\t\t<span class=\"elementor-grid-item\">\n\t\t\t\t\t<a class=\"elementor-icon elementor-social-icon elementor-social-icon-facebook-f elementor-animation-float elementor-repeater-item-261dd49\" target=\"_blank\">\n\t\t\t\t\t\t<span class=\"elementor-screen-only\">Facebook-f<\/span>\n\t\t\t\t\t\t<svg class=\"e-font-icon-svg e-fab-facebook-f\" viewBox=\"0 0 320 512\" xmlns=\"http:\/\/www.w3.org\/2000\/svg\"><path d=\"M279.14 288l14.22-92.66h-88.91v-60.13c0-25.35 12.42-50.06 52.24-50.06h40.42V6.26S260.43 0 225.36 0c-73.22 0-121.08 44.38-121.08 124.72v70.62H22.89V288h81.39v224h100.17V288z\"><\/path><\/svg>\t\t\t\t\t<\/a>\n\t\t\t\t<\/span>\n\t\t\t\t\t\t\t<span class=\"elementor-grid-item\">\n\t\t\t\t\t<a class=\"elementor-icon elementor-social-icon elementor-social-icon-whatsapp elementor-animation-float elementor-repeater-item-a8633ec\" target=\"_blank\">\n\t\t\t\t\t\t<span class=\"elementor-screen-only\">Whatsapp<\/span>\n\t\t\t\t\t\t<svg class=\"e-font-icon-svg e-fab-whatsapp\" viewBox=\"0 0 448 512\" xmlns=\"http:\/\/www.w3.org\/2000\/svg\"><path d=\"M380.9 97.1C339 55.1 283.2 32 223.9 32c-122.4 0-222 99.6-222 222 0 39.1 10.2 77.3 29.6 111L0 480l117.7-30.9c32.4 17.7 68.9 27 106.1 27h.1c122.3 0 224.1-99.6 224.1-222 0-59.3-25.2-115-67.1-157zm-157 341.6c-33.2 0-65.7-8.9-94-25.7l-6.7-4-69.8 18.3L72 359.2l-4.4-7c-18.5-29.4-28.2-63.3-28.2-98.2 0-101.7 82.8-184.5 184.6-184.5 49.3 0 95.6 19.2 130.4 54.1 34.8 34.9 56.2 81.2 56.1 130.5 0 101.8-84.9 184.6-186.6 184.6zm101.2-138.2c-5.5-2.8-32.8-16.2-37.9-18-5.1-1.9-8.8-2.8-12.5 2.8-3.7 5.6-14.3 18-17.6 21.8-3.2 3.7-6.5 4.2-12 1.4-32.6-16.3-54-29.1-75.5-66-5.7-9.8 5.7-9.1 16.3-30.3 1.8-3.7.9-6.9-.5-9.7-1.4-2.8-12.5-30.1-17.1-41.2-4.5-10.8-9.1-9.3-12.5-9.5-3.2-.2-6.9-.2-10.6-.2-3.7 0-9.7 1.4-14.8 6.9-5.1 5.6-19.4 19-19.4 46.3 0 27.3 19.9 53.7 22.6 57.4 2.8 3.7 39.1 59.7 94.8 83.8 35.2 15.2 49 16.5 66.6 13.9 10.7-1.6 32.8-13.4 37.4-26.4 4.6-13 4.6-24.1 3.2-26.4-1.3-2.5-5-3.9-10.5-6.6z\"><\/path><\/svg>\t\t\t\t\t<\/a>\n\t\t\t\t<\/span>\n\t\t\t\t\t<\/div>\n\t\t\t\t<\/div>\n\t\t\t\t<\/div>\n\t\t\t\t<div class=\"elementor-element elementor-element-7c4a258 elementor-widget elementor-widget-elementskit-button\" data-id=\"7c4a258\" data-element_type=\"widget\" data-widget_type=\"elementskit-button.default\">\n\t\t\t\t<div class=\"elementor-widget-container\">\n\t\t\t<div class=\"ekit-wid-con\" >\t\t<div class=\"ekit-btn-wraper\">\n\t\t\t\t\t\t\t<a href=\"https:\/\/carlata.org\/wp-content\/uploads\/2024\/10\/Fiche-de-Renseignement-pour-Demande-de-Bourse-detudes.pdf\" class=\"elementskit-btn  whitespace--normal\" id=\"\">\n\t\t\t\t\tScolarship award\t\t\t\t<\/a>\n\t\t\t\t\t<\/div>\n        <\/div>\t\t<\/div>\n\t\t\t\t<\/div>\n\t\t\t\t\t<\/div>\n\t\t<\/div>\n\t\t\t\t\t<\/div>\n\t\t<\/section>\n\t\t\t\t<section class=\"elementor-section elementor-top-section elementor-element elementor-element-10bee231 envato-kit-141-top-0 elementor-section-boxed elementor-section-height-default elementor-section-height-default\" data-id=\"10bee231\" data-element_type=\"section\" data-settings=\"{&quot;background_background&quot;:&quot;classic&quot;}\">\n\t\t\t\t\t\t\t<div class=\"elementor-background-overlay\"><\/div>\n\t\t\t\t\t\t\t<div class=\"elementor-container elementor-column-gap-wider\">\n\t\t\t\t\t<div class=\"elementor-column elementor-col-50 elementor-top-column elementor-element elementor-element-642a1a8b\" data-id=\"642a1a8b\" data-element_type=\"column\">\n\t\t\t<div class=\"elementor-widget-wrap elementor-element-populated\">\n\t\t\t\t\t\t<div class=\"elementor-element elementor-element-4660ab4 elementor-widget elementor-widget-elementskit-heading\" data-id=\"4660ab4\" data-element_type=\"widget\" data-widget_type=\"elementskit-heading.default\">\n\t\t\t\t<div class=\"elementor-widget-container\">\n\t\t\t<div class=\"ekit-wid-con\" ><div class=\"ekit-heading elementskit-section-title-wraper text_left   ekit_heading_tablet-   ekit_heading_mobile-\"><h2 class=\"ekit-heading--title elementskit-section-title \">Qui sommes nous ?<\/h2><div class=\"ekit_heading_separetor_wraper ekit_heading_elementskit-border-divider\"><div class=\"elementskit-border-divider\"><\/div><\/div><\/div><\/div>\t\t<\/div>\n\t\t\t\t<\/div>\n\t\t\t\t<div class=\"elementor-element elementor-element-41ab036 elementor-widget elementor-widget-text-editor\" data-id=\"41ab036\" data-element_type=\"widget\" data-widget_type=\"text-editor.default\">\n\t\t\t\t<div class=\"elementor-widget-container\">\n\t\t\t\t\t\t\t<p>Cr\u00e9e en 1968, le Lyc\u00e9e Moderne Amon Tanoh Lambert d\u2019Aboisso compte \u00e0 ce jour, pr\u00e8s de 5000 \u00e9l\u00e8ves. Il a vu \u00e9tudier plusieurs cadres de la r\u00e9gion ainsi que des personnalit\u00e9s publiques et politiques de la Cote d\u2019Ivoire.<\/p><p>Apr\u00e8s plus d\u2019un demi-si\u00e8cle \u00e0 servir de cadre du savoir et de la promotion de l\u2019excellence dans l\u2019\u00e9ducation, le Lyc\u00e9e moderne d\u2019Aboisso, qui porte l\u2019illustre nom de Lambert Amon Tanoh, ancien Ministre embl\u00e9matique de l\u2019\u00e9ducation nationale sous F\u00e9lix Houphouet-Boigny dans les ann\u00e9es 60, a aujourd\u2019hui perdu son allure d\u2019antan.<\/p><p>En effet, cet \u00e9tablissement offre un spectacle pas du tout agr\u00e9able. Les bureaux du personnel, les salles de classe, les murs, les toitures et le mobilier sont dans un \u00e9tat de d\u00e9labrement avanc\u00e9. Le Lyc\u00e9e dans son ensemble affiche une allure de vieille cit\u00e9e abandonn\u00e9e.<\/p>\t\t\t\t\t\t<\/div>\n\t\t\t\t<\/div>\n\t\t\t\t\t<\/div>\n\t\t<\/div>\n\t\t\t\t<div class=\"elementor-column elementor-col-50 elementor-top-column elementor-element elementor-element-4c8f6907\" data-id=\"4c8f6907\" data-element_type=\"column\">\n\t\t\t<div class=\"elementor-widget-wrap elementor-element-populated\">\n\t\t\t\t\t\t<div class=\"elementor-element elementor-element-183484b3 elementor-widget elementor-widget-image\" data-id=\"183484b3\" data-element_type=\"widget\" data-widget_type=\"image.default\">\n\t\t\t\t<div class=\"elementor-widget-container\">\n\t\t\t\t\t\t\t\t\t\t\t\t\t<img fetchpriority=\"high\" decoding=\"async\" width=\"1024\" height=\"768\" src=\"https:\/\/carlata.org\/wp-content\/uploads\/2024\/10\/IMG-20241014-WA0083-1024x768.jpg\" class=\"attachment-large size-large wp-image-444\" alt=\"\" srcset=\"https:\/\/carlata.org\/wp-content\/uploads\/2024\/10\/IMG-20241014-WA0083-1024x768.jpg 1024w, https:\/\/carlata.org\/wp-content\/uploads\/2024\/10\/IMG-20241014-WA0083-300x225.jpg 300w, https:\/\/carlata.org\/wp-content\/uploads\/2024\/10\/IMG-20241014-WA0083-768x576.jpg 768w, https:\/\/carlata.org\/wp-content\/uploads\/2024\/10\/IMG-20241014-WA0083-1536x1152.jpg 1536w, https:\/\/carlata.org\/wp-content\/uploads\/2024\/10\/IMG-20241014-WA0083.jpg 1600w\" sizes=\"(max-width: 1024px) 100vw, 1024px\" \/>\t\t\t\t\t\t\t\t\t\t\t\t\t<\/div>\n\t\t\t\t<\/div>\n\t\t\t\t<div class=\"elementor-element elementor-element-bc30004 elementor-widget elementor-widget-text-editor\" data-id=\"bc30004\" data-element_type=\"widget\" data-widget_type=\"text-editor.default\">\n\t\t\t\t<div class=\"elementor-widget-container\">\n\t\t\t\t\t\t\t<p>Face \u00e0 l\u2019insalubrit\u00e9 \u00e0 laquelle sont expos\u00e9s les \u00e9l\u00e8ves et enseignants \u00e0 cause de l\u2019\u00e9tat de v\u00e9tust\u00e9 des infrastructures, les anciens du Lyc\u00e9e sollicitent l\u2019aide de l\u2019Etat, des fils et filles de la r\u00e9gion et toutes les personnes de bonne volont\u00e9 \u00e0 participer \u00e0 sa r\u00e9novation, en vue d\u2019offrir un cadre propice aux \u00e9tudes \u00e0 ses \u00e9l\u00e8ves, avenir de notre pays.<\/p><p>Des travaux urgents pour la r\u00e9novation s\u2019imposent\u00a0; il s\u2019agit de d\u00e9sherbage, d\u2019\u00e9tanch\u00e9it\u00e9, de plafonnage, de ma\u00e7onnerie, de traitement de l\u2019humidit\u00e9, de r\u00e9fection de la peinture, de renouvellement des toilettes, de rafraichissement des jardins et autres terrains de sport etc\u2026<\/p>\t\t\t\t\t\t<\/div>\n\t\t\t\t<\/div>\n\t\t\t\t\t<\/div>\n\t\t<\/div>\n\t\t\t\t\t<\/div>\n\t\t<\/section>\n\t\t\t\t<section class=\"elementor-section elementor-top-section elementor-element elementor-element-60e977d8 elementor-section-boxed elementor-section-height-default elementor-section-height-default\" data-id=\"60e977d8\" data-element_type=\"section\" id=\"xs_cta_style_22\">\n\t\t\t\t\t\t<div class=\"elementor-container elementor-column-gap-default\">\n\t\t\t\t\t<div class=\"elementor-column elementor-col-100 elementor-top-column elementor-element elementor-element-1ff3afc9\" data-id=\"1ff3afc9\" data-element_type=\"column\">\n\t\t\t<div class=\"elementor-widget-wrap elementor-element-populated\">\n\t\t\t\t\t\t<section class=\"elementor-section elementor-inner-section elementor-element elementor-element-6d9cb020 elementor-section-boxed elementor-section-height-default elementor-section-height-default\" data-id=\"6d9cb020\" data-element_type=\"section\" data-settings=\"{&quot;background_background&quot;:&quot;classic&quot;}\">\n\t\t\t\t\t\t\t<div class=\"elementor-background-overlay\"><\/div>\n\t\t\t\t\t\t\t<div class=\"elementor-container elementor-column-gap-default\">\n\t\t\t\t\t<div class=\"elementor-column elementor-col-100 elementor-inner-column elementor-element elementor-element-31a020a5\" data-id=\"31a020a5\" data-element_type=\"column\">\n\t\t\t<div class=\"elementor-widget-wrap elementor-element-populated\">\n\t\t\t\t\t\t<div class=\"elementor-element elementor-element-4c51e951 elementor-widget elementor-widget-elementskit-heading\" data-id=\"4c51e951\" data-element_type=\"widget\" data-widget_type=\"elementskit-heading.default\">\n\t\t\t\t<div class=\"elementor-widget-container\">\n\t\t\t<div class=\"ekit-wid-con\" ><div class=\"ekit-heading elementskit-section-title-wraper center   ekit_heading_tablet-   ekit_heading_mobile-\"><h2 class=\"ekit-heading--title elementskit-section-title \">Besoin de plus d'information !<\/h2><\/div><\/div>\t\t<\/div>\n\t\t\t\t<\/div>\n\t\t\t\t<div class=\"elementor-element elementor-element-f096706 elementor-widget elementor-widget-elementskit-button\" data-id=\"f096706\" data-element_type=\"widget\" data-widget_type=\"elementskit-button.default\">\n\t\t\t\t<div class=\"elementor-widget-container\">\n\t\t\t<div class=\"ekit-wid-con\" >\t\t<div class=\"ekit-btn-wraper\">\n\t\t\t\t\t\t\t<a href=\"https:\/\/carlata.org\/index.php\/contact\/\" class=\"elementskit-btn  whitespace--normal\" id=\"\">\n\t\t\t\t\tContactez-nous\t\t\t\t<\/a>\n\t\t\t\t\t<\/div>\n        <\/div>\t\t<\/div>\n\t\t\t\t<\/div>\n\t\t\t\t\t<\/div>\n\t\t<\/div>\n\t\t\t\t\t<\/div>\n\t\t<\/section>\n\t\t\t\t\t<\/div>\n\t\t<\/div>\n\t\t\t\t\t<\/div>\n\t\t<\/section>\n\t\t\t\t<section class=\"elementor-section elementor-top-section elementor-element elementor-element-27827e5c elementor-section-height-min-height elementor-section-content-middle elementor-section-boxed elementor-section-height-default elementor-section-items-middle\" data-id=\"27827e5c\" data-element_type=\"section\" data-settings=\"{&quot;background_background&quot;:&quot;classic&quot;}\">\n\t\t\t\t\t\t\t<div class=\"elementor-background-overlay\"><\/div>\n\t\t\t\t\t\t\t<div class=\"elementor-container elementor-column-gap-default\">\n\t\t\t\t\t<div class=\"elementor-column elementor-col-100 elementor-top-column elementor-element elementor-element-60632c2a\" data-id=\"60632c2a\" data-element_type=\"column\">\n\t\t\t<div class=\"elementor-widget-wrap elementor-element-populated\">\n\t\t\t\t\t\t<section class=\"elementor-section elementor-top-section elementor-element elementor-element-481f44d6 elementor-section-boxed elementor-section-height-default elementor-section-height-default\" data-id=\"481f44d6\" data-element_type=\"section\" data-settings=\"{&quot;background_background&quot;:&quot;classic&quot;}\">\n\t\t\t\t\t\t<div class=\"elementor-container elementor-column-gap-default\">\n\t\t\t\t\t<div class=\"elementor-column elementor-col-50 elementor-top-column elementor-element elementor-element-907c603\" data-id=\"907c603\" data-element_type=\"column\">\n\t\t\t<div class=\"elementor-widget-wrap elementor-element-populated\">\n\t\t\t\t\t\t<div class=\"elementor-element elementor-element-8902833 elementor-widget elementor-widget-image\" data-id=\"8902833\" data-element_type=\"widget\" data-widget_type=\"image.default\">\n\t\t\t\t<div class=\"elementor-widget-container\">\n\t\t\t\t\t\t\t\t\t\t\t\t\t<img decoding=\"async\" width=\"1024\" height=\"768\" src=\"https:\/\/carlata.org\/wp-content\/uploads\/2024\/10\/IMG-20241014-WA0108-1024x768.jpg\" class=\"attachment-large size-large wp-image-414\" alt=\"\" srcset=\"https:\/\/carlata.org\/wp-content\/uploads\/2024\/10\/IMG-20241014-WA0108-1024x768.jpg 1024w, https:\/\/carlata.org\/wp-content\/uploads\/2024\/10\/IMG-20241014-WA0108-300x225.jpg 300w, https:\/\/carlata.org\/wp-content\/uploads\/2024\/10\/IMG-20241014-WA0108-768x576.jpg 768w, https:\/\/carlata.org\/wp-content\/uploads\/2024\/10\/IMG-20241014-WA0108.jpg 1280w\" sizes=\"(max-width: 1024px) 100vw, 1024px\" \/>\t\t\t\t\t\t\t\t\t\t\t\t\t<\/div>\n\t\t\t\t<\/div>\n\t\t\t\t\t<\/div>\n\t\t<\/div>\n\t\t\t\t<div class=\"elementor-column elementor-col-50 elementor-top-column elementor-element elementor-element-24defc2\" data-id=\"24defc2\" data-element_type=\"column\">\n\t\t\t<div class=\"elementor-widget-wrap elementor-element-populated\">\n\t\t\t\t\t\t<div class=\"elementor-element elementor-element-f1048b0 elementor-widget elementor-widget-elementskit-heading\" data-id=\"f1048b0\" data-element_type=\"widget\" data-widget_type=\"elementskit-heading.default\">\n\t\t\t\t<div class=\"elementor-widget-container\">\n\t\t\t<div class=\"ekit-wid-con\" ><div class=\"ekit-heading elementskit-section-title-wraper text_left   ekit_heading_tablet-   ekit_heading_mobile-text_center\"><h2 class=\"ekit-heading--title elementskit-section-title \">Notre mission<\/h2><div class=\"ekit_heading_separetor_wraper ekit_heading_elementskit-border-divider\"><div class=\"elementskit-border-divider\"><\/div><\/div><\/div><\/div>\t\t<\/div>\n\t\t\t\t<\/div>\n\t\t\t\t<div class=\"elementor-element elementor-element-f532e16 elementor-widget elementor-widget-text-editor\" data-id=\"f532e16\" data-element_type=\"widget\" data-widget_type=\"text-editor.default\">\n\t\t\t\t<div class=\"elementor-widget-container\">\n\t\t\t\t\t\t\t<p>Au c\u0153ur de notre engagement pour l&rsquo;\u00e9ducation, notre mission est de r\u00e9habiliter le lyc\u00e9e moderne Amon Tanoh Lambert d&rsquo;Aboisso afin d&rsquo;en faire un v\u00e9ritable p\u00f4le d&rsquo;excellence. Nous croyons fermement que chaque \u00e9l\u00e8ve m\u00e9rite un environnement d&rsquo;apprentissage s\u00fbr, inspirant et adapt\u00e9 aux enjeux contemporains. Nous nous consacrons \u00e0 am\u00e9liorer les infrastructures, \u00e0 moderniser les \u00e9quipements p\u00e9dagogiques et \u00e0 favoriser l&rsquo;acc\u00e8s \u00e0 des ressources \u00e9ducatives vari\u00e9es. En collaborant avec les acteurs locaux, les enseignants et les \u00e9l\u00e8ves, nous visons \u00e0 cr\u00e9er un cadre propice \u00e0 l&rsquo;\u00e9panouissement intellectuel et personnel. Nous nous engageons \u00e9galement \u00e0 promouvoir des valeurs d&rsquo;inclusion, de respect et de solidarit\u00e9, afin de former des citoyens responsables et engag\u00e9s. Ensemble, faisons du lyc\u00e9e moderne d&rsquo;Aboisso un lieu o\u00f9 chacun peut d\u00e9velopper son potentiel et construire un avenir meilleur.<\/p>\t\t\t\t\t\t<\/div>\n\t\t\t\t<\/div>\n\t\t\t\t\t<\/div>\n\t\t<\/div>\n\t\t\t\t\t<\/div>\n\t\t<\/section>\n\t\t\t\t\t<\/div>\n\t\t<\/div>\n\t\t\t\t\t<\/div>\n\t\t<\/section>\n\t\t\t\t<\/div>\n\t\t","protected":false},"excerpt":{"rendered":"<p>A propos X-twitter Facebook-f Whatsapp Scolarship award Qui sommes nous ? Cr\u00e9e en 1968, le Lyc\u00e9e Moderne Amon Tanoh Lambert d\u2019Aboisso compte \u00e0 ce jour, pr\u00e8s de 5000 \u00e9l\u00e8ves. Il a vu \u00e9tudier plusieurs cadres de la r\u00e9gion ainsi que des personnalit\u00e9s publiques et politiques de la Cote d\u2019Ivoire. Apr\u00e8s plus d\u2019un demi-si\u00e8cle \u00e0 servir&#8230;<\/p>\n","protected":false},"author":1,"featured_media":0,"parent":0,"menu_order":0,"comment_status":"closed","ping_status":"closed","template":"","meta":{"_kad_post_transparent":"","_kad_post_title":"hide","_kad_post_layout":"fullwidth","_kad_post_sidebar_id":"","_kad_post_content_style":"unboxed","_kad_post_vertical_padding":"hide","_kad_post_feature":"hide","_kad_post_feature_position":"","_kad_post_header":false,"_kad_post_footer":false,"footnotes":""},"class_list":["post-54","page","type-page","status-publish","hentry"],"_links":{"self":[{"href":"https:\/\/carlata.org\/index.php\/wp-json\/wp\/v2\/pages\/54","targetHints":{"allow":["GET"]}}],"collection":[{"href":"https:\/\/carlata.org\/index.php\/wp-json\/wp\/v2\/pages"}],"about":[{"href":"https:\/\/carlata.org\/index.php\/wp-json\/wp\/v2\/types\/page"}],"author":[{"embeddable":true,"href":"https:\/\/carlata.org\/index.php\/wp-json\/wp\/v2\/users\/1"}],"replies":[{"embeddable":true,"href":"https:\/\/carlata.org\/index.php\/wp-json\/wp\/v2\/comments?post=54"}],"version-history":[{"count":82,"href":"https:\/\/carlata.org\/index.php\/wp-json\/wp\/v2\/pages\/54\/revisions"}],"predecessor-version":[{"id":738,"href":"https:\/\/carlata.org\/index.php\/wp-json\/wp\/v2\/pages\/54\/revisions\/738"}],"wp:attachment":[{"href":"https:\/\/carlata.org\/index.php\/wp-json\/wp\/v2\/media?parent=54"}],"curies":[{"name":"wp","href":"https:\/\/api.w.org\/{rel}","templated":true}]}}