{"id":31,"date":"2024-10-08T16:39:07","date_gmt":"2024-10-08T14:39:07","guid":{"rendered":"https:\/\/carlata.org\/?page_id=31"},"modified":"2024-10-18T19:05:59","modified_gmt":"2024-10-18T17:05:59","slug":"blog","status":"publish","type":"page","link":"https:\/\/carlata.org\/index.php\/blog\/","title":{"rendered":"Blog"},"content":{"rendered":"\t\t<div data-elementor-type=\"wp-page\" data-elementor-id=\"31\" class=\"elementor elementor-31\">\n\t\t\t\t\t\t<section class=\"elementor-section elementor-top-section elementor-element elementor-element-2efe0f04 elementor-section-height-min-height elementor-section-boxed elementor-section-height-default elementor-section-items-middle\" data-id=\"2efe0f04\" data-element_type=\"section\" data-settings=\"{&quot;background_background&quot;:&quot;classic&quot;}\">\n\t\t\t\t\t\t\t<div class=\"elementor-background-overlay\"><\/div>\n\t\t\t\t\t\t\t<div class=\"elementor-container elementor-column-gap-default\">\n\t\t\t\t\t<div class=\"elementor-column elementor-col-100 elementor-top-column elementor-element elementor-element-2182bb57\" data-id=\"2182bb57\" data-element_type=\"column\">\n\t\t\t<div class=\"elementor-widget-wrap elementor-element-populated\">\n\t\t\t\t\t\t<div class=\"elementor-element elementor-element-275873b9 elementor-invisible elementor-widget elementor-widget-heading\" data-id=\"275873b9\" data-element_type=\"widget\" data-settings=\"{&quot;_animation&quot;:&quot;fadeInDown&quot;,&quot;_animation_delay&quot;:300}\" data-widget_type=\"heading.default\">\n\t\t\t\t<div class=\"elementor-widget-container\">\n\t\t\t<h1 class=\"elementor-heading-title elementor-size-default\">Blog<\/h1>\t\t<\/div>\n\t\t\t\t<\/div>\n\t\t\t\t\t<\/div>\n\t\t<\/div>\n\t\t\t\t\t<\/div>\n\t\t<\/section>\n\t\t\t\t<section class=\"elementor-section elementor-top-section elementor-element elementor-element-6a25d02c elementor-section-boxed elementor-section-height-default elementor-section-height-default\" data-id=\"6a25d02c\" data-element_type=\"section\" id=\"xs_blog_light_post_img_2\" data-settings=\"{&quot;background_background&quot;:&quot;classic&quot;}\">\n\t\t\t\t\t\t<div class=\"elementor-container elementor-column-gap-default\">\n\t\t\t\t\t<div class=\"elementor-column elementor-col-100 elementor-top-column elementor-element elementor-element-21affe8d\" data-id=\"21affe8d\" data-element_type=\"column\">\n\t\t\t<div class=\"elementor-widget-wrap elementor-element-populated\">\n\t\t\t\t\t\t<section class=\"elementor-section elementor-inner-section elementor-element elementor-element-8aa55ca elementor-section-boxed elementor-section-height-default elementor-section-height-default\" data-id=\"8aa55ca\" data-element_type=\"section\">\n\t\t\t\t\t\t<div class=\"elementor-container elementor-column-gap-default\">\n\t\t\t\t\t<div class=\"elementor-column elementor-col-100 elementor-inner-column elementor-element elementor-element-77206a18\" data-id=\"77206a18\" data-element_type=\"column\">\n\t\t\t<div class=\"elementor-widget-wrap elementor-element-populated\">\n\t\t\t\t\t\t<div class=\"elementor-element elementor-element-741b0420 elementor-widget elementor-widget-elementskit-blog-posts\" data-id=\"741b0420\" data-element_type=\"widget\" data-widget_type=\"elementskit-blog-posts.default\">\n\t\t\t\t<div class=\"elementor-widget-container\">\n\t\t\t<div class=\"ekit-wid-con\" >        <div id=\"post-items--741b0420\" class=\"row post-items\">\n                    <div class=\"col-lg-4 col-md-6\">\n\n                                    <div class=\"elementskit-post-image-card\">\n                        <div class=\"elementskit-entry-header\">\n                                                            <a href=\"https:\/\/carlata.org\/index.php\/rapport-de-visite-de-letat-des-lieux-des-batiments-du-lycee-moderne-amon-tanoh-lambert-daboisso\/\" class=\"elementskit-entry-thumb\">\n                                    <img decoding=\"async\" src=\"https:\/\/carlata.org\/wp-content\/uploads\/2024\/10\/IMG-20241014-WA0049.jpg\" alt=\"RAPPORT DE VISITE DE L\u2019ETAT DES LIEUX DES BATIMENTS DU LYCEE MODERNE AMON TANOH LAMBERT D\u2019ABOISSO\">\n                                <\/a><!-- .elementskit-entry-thumb END -->\n                                                            \n                            \n\t\t\t\t\t\t\t\t\t\t\t\t\t<\/div><!-- .elementskit-entry-header END -->\n\n\t\t\t\t\t\t<div class=\"elementskit-post-body \">\n\t\t\t\t\t\t\t\n\t\t\t\t\t\t\t\t\t\t\t\t\t\t\t\t\t\t\t\t\t\t\t\t\t\t\t\t<div class=\"post-meta-list\">\n\t\t\t\t\t\t\t\t\t\t\t\t\t\t\t\t\t\t\t\t\t\t\t\t\t\t\t\t\t\t\t\t<span class=\"meta-date\">\n\n\t\t\t\t\t\t\t\t\t\t<i aria-hidden=\"true\" class=\"icon icon-calendar3\"><\/i>\n\t\t\t\t\t\t\t\t\t\t<span class=\"meta-date-text\">\n\t\t\t\t\t\t\t\t\t\t\t18\/10\/2024\t\t\t\t\t\t\t\t\t\t<\/span>\n\t\t\t\t\t\t\t\t\t<\/span>\n\t\t\t\t\t\t\t\t\t\t\t\t\t\t\t\t\t\t\t\t\t\t\t\t\t\t\t\t\t\t\t\t\t\t\t\t\t\t\t\t\t\t\t\t\t\t\t\t\t\t\t\t\t\t\t\t\t\t\t\t\t\t\t\t<span class=\"post-cat\">\n\n\t\t\t\t\t\t\t\t\t\t<i aria-hidden=\"true\" class=\"icon icon-folder\"><\/i>\n\t\t\t\t\t\t\t\t\t\t<a href=\"https:\/\/carlata.org\/index.php\/category\/non-classe\/\" rel=\"category tag\">Non class\u00e9<\/a>\t\t\t\t\t\t\t\t\t<\/span>\n\t\t\t\t\t\t\t\t\t\t\t\t\t\t\t\t\t\t\t\t\t\t\t\t\t\t\t\t\t<\/div>\n\t\t\t\t\t\t\t\t\t\t\t\t\t\n\t\t\t\t\t\t\t\t\n\t\t\t\t\t\t\t\t\t\t\t\t\t\t\t\t\t\t\t\t\t<h2 class=\"entry-title\">\n\t\t\t\t\t<a href=\"https:\/\/carlata.org\/index.php\/rapport-de-visite-de-letat-des-lieux-des-batiments-du-lycee-moderne-amon-tanoh-lambert-daboisso\/\">\n\t\t\t\t\t\tRAPPORT DE VISITE DE L\u2019ETAT DES LIEUX DES BATIMENTS DU LYCEE MODERNE AMON TANOH LAMBERT D\u2019ABOISSO\t\t\t\t\t<\/a>\n\t\t\t\t<\/h2>\n\t\t\t\t\t\t\t\t\t\t\t\t\t\t\t\t\t\t\t\t\t\t\t\t\t\t\t\t\t\t\t\t\t\t\t\t\t\t\t\t\t\t<p>La visite a \u00e9t\u00e9 effectu\u00e9e le vendredi 06 septembre aux environs de 16 H 00 min en pr\u00e9sence de&nbsp;: Le projet consiste \u00e0 la r\u00e9habilitation de&nbsp;: La visite a consist\u00e9\u2026<\/p>\n\t\t\t\t\t\t\t\t\t\t\t\t\t\t\t\t\t\t\t\t\t\t                                                            <div class=\"btn-wraper\">\n                                    \n                                                                            <a class=\"elementskit-btn whitespace--normal\" id=\"\" href=\"https:\/\/carlata.org\/index.php\/rapport-de-visite-de-letat-des-lieux-des-batiments-du-lycee-moderne-amon-tanoh-lambert-daboisso\/\">\n                                        \t                                            Voir plus                                        <\/a>\n                                                                    <\/div>\n                                                    <\/div><!-- .elementskit-post-body END -->\n                    <\/div>\n                \n            <\/div>\n                    <div class=\"col-lg-4 col-md-6\">\n\n                                    <div class=\"elementskit-post-image-card\">\n                        <div class=\"elementskit-entry-header\">\n                                                            <a href=\"https:\/\/carlata.org\/index.php\/lycee-moderne-daboisso-appel-aux-anciens-eleves-a-contribution-pour-la-rehabilitation\/\" class=\"elementskit-entry-thumb\">\n                                    <img decoding=\"async\" src=\"https:\/\/carlata.org\/wp-content\/uploads\/2024\/10\/IMG-20241014-WA0098-2.jpg\" alt=\"Lyc\u00e9e Moderne d\u2019Aboisso\u00a0: Appel aux anciens \u00e9l\u00e8ves \u00e0 contribution pour la r\u00e9habilitation\">\n                                <\/a><!-- .elementskit-entry-thumb END -->\n                                                            \n                            \n\t\t\t\t\t\t\t\t\t\t\t\t\t<\/div><!-- .elementskit-entry-header END -->\n\n\t\t\t\t\t\t<div class=\"elementskit-post-body \">\n\t\t\t\t\t\t\t\n\t\t\t\t\t\t\t\t\t\t\t\t\t\t\t\t\t\t\t\t\t\t\t\t\t\t\t\t<div class=\"post-meta-list\">\n\t\t\t\t\t\t\t\t\t\t\t\t\t\t\t\t\t\t\t\t\t\t\t\t\t\t\t\t\t\t\t\t<span class=\"meta-date\">\n\n\t\t\t\t\t\t\t\t\t\t<i aria-hidden=\"true\" class=\"icon icon-calendar3\"><\/i>\n\t\t\t\t\t\t\t\t\t\t<span class=\"meta-date-text\">\n\t\t\t\t\t\t\t\t\t\t\t14\/10\/2024\t\t\t\t\t\t\t\t\t\t<\/span>\n\t\t\t\t\t\t\t\t\t<\/span>\n\t\t\t\t\t\t\t\t\t\t\t\t\t\t\t\t\t\t\t\t\t\t\t\t\t\t\t\t\t\t\t\t\t\t\t\t\t\t\t\t\t\t\t\t\t\t\t\t\t\t\t\t\t\t\t\t\t\t\t\t\t\t\t\t<span class=\"post-cat\">\n\n\t\t\t\t\t\t\t\t\t\t<i aria-hidden=\"true\" class=\"icon icon-folder\"><\/i>\n\t\t\t\t\t\t\t\t\t\t<a href=\"https:\/\/carlata.org\/index.php\/category\/non-classe\/\" rel=\"category tag\">Non class\u00e9<\/a>\t\t\t\t\t\t\t\t\t<\/span>\n\t\t\t\t\t\t\t\t\t\t\t\t\t\t\t\t\t\t\t\t\t\t\t\t\t\t\t\t\t<\/div>\n\t\t\t\t\t\t\t\t\t\t\t\t\t\n\t\t\t\t\t\t\t\t\n\t\t\t\t\t\t\t\t\t\t\t\t\t\t\t\t\t\t\t\t\t<h2 class=\"entry-title\">\n\t\t\t\t\t<a href=\"https:\/\/carlata.org\/index.php\/lycee-moderne-daboisso-appel-aux-anciens-eleves-a-contribution-pour-la-rehabilitation\/\">\n\t\t\t\t\t\tLyc\u00e9e Moderne d\u2019Aboisso\u00a0: Appel aux anciens \u00e9l\u00e8ves \u00e0 contribution pour la r\u00e9habilitation\t\t\t\t\t<\/a>\n\t\t\t\t<\/h2>\n\t\t\t\t\t\t\t\t\t\t\t\t\t\t\t\t\t\t\t\t\t\t\t\t\t\t\t\t\t\t\t\t\t\t\t\t\t\t\t\t\t\t<p>Le Lyc\u00e9e Moderne d\u2019Abobo, autrefois fier et florissant, est aujourd&rsquo;hui dans un \u00e9tat de d\u00e9labrement pr\u00e9occupant. Les murs se fissurent sous le poids du temps, les toits laissent passer l&rsquo;eau\u2026<\/p>\n\t\t\t\t\t\t\t\t\t\t\t\t\t\t\t\t\t\t\t\t\t\t                                                            <div class=\"btn-wraper\">\n                                    \n                                                                            <a class=\"elementskit-btn whitespace--normal\" id=\"\" href=\"https:\/\/carlata.org\/index.php\/lycee-moderne-daboisso-appel-aux-anciens-eleves-a-contribution-pour-la-rehabilitation\/\">\n                                        \t                                            Voir plus                                        <\/a>\n                                                                    <\/div>\n                                                    <\/div><!-- .elementskit-post-body END -->\n                    <\/div>\n                \n            <\/div>\n                    <div class=\"col-lg-4 col-md-6\">\n\n                                    <div class=\"elementskit-post-image-card\">\n                        <div class=\"elementskit-entry-header\">\n                                                            <a href=\"https:\/\/carlata.org\/index.php\/appel-urgent-a-la-rehabilitation-du-lycee-moderne-daboisso-une-situation-critique-a-ladresse-des-fils-et-filles-de-la-region\/\" class=\"elementskit-entry-thumb\">\n                                    <img decoding=\"async\" src=\"https:\/\/carlata.org\/wp-content\/uploads\/2024\/10\/IMG-20241014-WA0103-2.jpg\" alt=\"Appel Urgent \u00e0 la R\u00e9habilitation du Lyc\u00e9e Moderne d&rsquo;Aboisso : Une Situation Critique \u00e0 l\u2019adresse des Fils et Filles de la r\u00e9gion\">\n                                <\/a><!-- .elementskit-entry-thumb END -->\n                                                            \n                            \n\t\t\t\t\t\t\t\t\t\t\t\t\t<\/div><!-- .elementskit-entry-header END -->\n\n\t\t\t\t\t\t<div class=\"elementskit-post-body \">\n\t\t\t\t\t\t\t\n\t\t\t\t\t\t\t\t\t\t\t\t\t\t\t\t\t\t\t\t\t\t\t\t\t\t\t\t<div class=\"post-meta-list\">\n\t\t\t\t\t\t\t\t\t\t\t\t\t\t\t\t\t\t\t\t\t\t\t\t\t\t\t\t\t\t\t\t<span class=\"meta-date\">\n\n\t\t\t\t\t\t\t\t\t\t<i aria-hidden=\"true\" class=\"icon icon-calendar3\"><\/i>\n\t\t\t\t\t\t\t\t\t\t<span class=\"meta-date-text\">\n\t\t\t\t\t\t\t\t\t\t\t14\/10\/2024\t\t\t\t\t\t\t\t\t\t<\/span>\n\t\t\t\t\t\t\t\t\t<\/span>\n\t\t\t\t\t\t\t\t\t\t\t\t\t\t\t\t\t\t\t\t\t\t\t\t\t\t\t\t\t\t\t\t\t\t\t\t\t\t\t\t\t\t\t\t\t\t\t\t\t\t\t\t\t\t\t\t\t\t\t\t\t\t\t\t<span class=\"post-cat\">\n\n\t\t\t\t\t\t\t\t\t\t<i aria-hidden=\"true\" class=\"icon icon-folder\"><\/i>\n\t\t\t\t\t\t\t\t\t\t<a href=\"https:\/\/carlata.org\/index.php\/category\/non-classe\/\" rel=\"category tag\">Non class\u00e9<\/a>\t\t\t\t\t\t\t\t\t<\/span>\n\t\t\t\t\t\t\t\t\t\t\t\t\t\t\t\t\t\t\t\t\t\t\t\t\t\t\t\t\t<\/div>\n\t\t\t\t\t\t\t\t\t\t\t\t\t\n\t\t\t\t\t\t\t\t\n\t\t\t\t\t\t\t\t\t\t\t\t\t\t\t\t\t\t\t\t\t<h2 class=\"entry-title\">\n\t\t\t\t\t<a href=\"https:\/\/carlata.org\/index.php\/appel-urgent-a-la-rehabilitation-du-lycee-moderne-daboisso-une-situation-critique-a-ladresse-des-fils-et-filles-de-la-region\/\">\n\t\t\t\t\t\tAppel Urgent \u00e0 la R\u00e9habilitation du Lyc\u00e9e Moderne d&rsquo;Aboisso : Une Situation Critique \u00e0 l\u2019adresse des Fils et Filles de la r\u00e9gion\t\t\t\t\t<\/a>\n\t\t\t\t<\/h2>\n\t\t\t\t\t\t\t\t\t\t\t\t\t\t\t\t\t\t\t\t\t\t\t\t\t\t\t\t\t\t\t\t\t\t\t\t\t\t\t\t\t\t<p>Le Lyc\u00e9e Moderne d&rsquo;Aboisso, jadis un pilier de l&rsquo;\u00e9ducation dans la r\u00e9gion, est aujourd&rsquo;hui un symbole poignant de n\u00e9gligence et de d\u00e9gradation avanc\u00e9e. Ce joyau \u00e9ducatif, qui a longtemps incarn\u00e9\u2026<\/p>\n\t\t\t\t\t\t\t\t\t\t\t\t\t\t\t\t\t\t\t\t\t\t                                                            <div class=\"btn-wraper\">\n                                    \n                                                                            <a class=\"elementskit-btn whitespace--normal\" id=\"\" href=\"https:\/\/carlata.org\/index.php\/appel-urgent-a-la-rehabilitation-du-lycee-moderne-daboisso-une-situation-critique-a-ladresse-des-fils-et-filles-de-la-region\/\">\n                                        \t                                            Voir plus                                        <\/a>\n                                                                    <\/div>\n                                                    <\/div><!-- .elementskit-post-body END -->\n                    <\/div>\n                \n            <\/div>\n                <\/div>\n       <\/div>\t\t<\/div>\n\t\t\t\t<\/div>\n\t\t\t\t\t<\/div>\n\t\t<\/div>\n\t\t\t\t\t<\/div>\n\t\t<\/section>\n\t\t\t\t\t<\/div>\n\t\t<\/div>\n\t\t\t\t\t<\/div>\n\t\t<\/section>\n\t\t\t\t<\/div>\n\t\t","protected":false},"excerpt":{"rendered":"<p>Blog 18\/10\/2024 Non class\u00e9 RAPPORT DE VISITE DE L\u2019ETAT DES LIEUX DES BATIMENTS DU LYCEE MODERNE AMON TANOH LAMBERT D\u2019ABOISSO La visite a \u00e9t\u00e9 effectu\u00e9e le vendredi 06 septembre aux environs de 16 H 00 min en pr\u00e9sence de&nbsp;: Le projet consiste \u00e0 la r\u00e9habilitation de&nbsp;: La visite a consist\u00e9\u2026 Voir plus 14\/10\/2024 Non class\u00e9&#8230;<\/p>\n","protected":false},"author":1,"featured_media":0,"parent":0,"menu_order":0,"comment_status":"closed","ping_status":"closed","template":"","meta":{"_kad_post_transparent":"","_kad_post_title":"hide","_kad_post_layout":"fullwidth","_kad_post_sidebar_id":"","_kad_post_content_style":"unboxed","_kad_post_vertical_padding":"hide","_kad_post_feature":"hide","_kad_post_feature_position":"","_kad_post_header":false,"_kad_post_footer":false,"footnotes":""},"class_list":["post-31","page","type-page","status-publish","hentry"],"_links":{"self":[{"href":"https:\/\/carlata.org\/index.php\/wp-json\/wp\/v2\/pages\/31","targetHints":{"allow":["GET"]}}],"collection":[{"href":"https:\/\/carlata.org\/index.php\/wp-json\/wp\/v2\/pages"}],"about":[{"href":"https:\/\/carlata.org\/index.php\/wp-json\/wp\/v2\/types\/page"}],"author":[{"embeddable":true,"href":"https:\/\/carlata.org\/index.php\/wp-json\/wp\/v2\/users\/1"}],"replies":[{"embeddable":true,"href":"https:\/\/carlata.org\/index.php\/wp-json\/wp\/v2\/comments?post=31"}],"version-history":[{"count":43,"href":"https:\/\/carlata.org\/index.php\/wp-json\/wp\/v2\/pages\/31\/revisions"}],"predecessor-version":[{"id":650,"href":"https:\/\/carlata.org\/index.php\/wp-json\/wp\/v2\/pages\/31\/revisions\/650"}],"wp:attachment":[{"href":"https:\/\/carlata.org\/index.php\/wp-json\/wp\/v2\/media?parent=31"}],"curies":[{"name":"wp","href":"https:\/\/api.w.org\/{rel}","templated":true}]}}